{"id":3908,"date":"2022-08-02T04:15:00","date_gmt":"2022-08-02T02:15:00","guid":{"rendered":"https:\/\/charlyexcursion.com\/?post_type=product&#038;p=3908"},"modified":"2025-08-13T12:49:01","modified_gmt":"2025-08-13T10:49:01","slug":"visite-guidee-en-bus-climatise-terre-de-haut-10e","status":"publish","type":"product","link":"https:\/\/charlyexcursion.com\/index.php\/product\/visite-guidee-en-bus-climatise-terre-de-haut-10e\/","title":{"rendered":"Visite guid\u00e9e en bus climatis\u00e9 &#8211; Terre de Haut"},"content":{"rendered":"<p>D\u00e9couvrez Terre-de-Haut durant une visite guid\u00e9e en bus climatis\u00e9 22 places.<\/p>\n<p>Au programme, le tour de l&rsquo;\u00eele comment\u00e9 avec des arr\u00eats sur les meilleurs spots et points de vue de l&rsquo;\u00eele pour des s\u00e9ances photos, visite du mus\u00e9e du Fort Napol\u00e9on (entr\u00e9e 7\u20ac \u00e0 payer sur place) et retour dans le bourg. Pensez \u00e0 r\u00e9server \u00e9galement une<a href=\"https:\/\/charlyexcursion.com\/index.php\/product\/excursion-les-saintes\/\"> excursion dans la baie des Saintes<\/a> pour un apr\u00e8s-midi inoubliable<\/p>\n","protected":false},"excerpt":{"rendered":"<p>D\u00e9couvrez Terre-de-Haut durant une visite guid\u00e9e en bus climatis\u00e9 22 places.<\/p>\n<p>&nbsp;<\/p>\n","protected":false},"featured_media":3159,"comment_status":"closed","ping_status":"closed","template":"","meta":[],"product_brand":[],"product_cat":[85],"product_tag":[],"class_list":{"0":"post-3908","1":"product","2":"type-product","3":"status-publish","4":"has-post-thumbnail","6":"product_cat-visite-bus","8":"first","9":"instock","10":"virtual","11":"purchasable","12":"product-type-phive_booking"},"jetpack_sharing_enabled":true,"_links":{"self":[{"href":"https:\/\/charlyexcursion.com\/index.php\/wp-json\/wp\/v2\/product\/3908","targetHints":{"allow":["GET"]}}],"collection":[{"href":"https:\/\/charlyexcursion.com\/index.php\/wp-json\/wp\/v2\/product"}],"about":[{"href":"https:\/\/charlyexcursion.com\/index.php\/wp-json\/wp\/v2\/types\/product"}],"replies":[{"embeddable":true,"href":"https:\/\/charlyexcursion.com\/index.php\/wp-json\/wp\/v2\/comments?post=3908"}],"wp:featuredmedia":[{"embeddable":true,"href":"https:\/\/charlyexcursion.com\/index.php\/wp-json\/wp\/v2\/media\/3159"}],"wp:attachment":[{"href":"https:\/\/charlyexcursion.com\/index.php\/wp-json\/wp\/v2\/media?parent=3908"}],"wp:term":[{"taxonomy":"product_brand","embeddable":true,"href":"https:\/\/charlyexcursion.com\/index.php\/wp-json\/wp\/v2\/product_brand?post=3908"},{"taxonomy":"product_cat","embeddable":true,"href":"https:\/\/charlyexcursion.com\/index.php\/wp-json\/wp\/v2\/product_cat?post=3908"},{"taxonomy":"product_tag","embeddable":true,"href":"https:\/\/charlyexcursion.com\/index.php\/wp-json\/wp\/v2\/product_tag?post=3908"}],"curies":[{"name":"wp","href":"https:\/\/api.w.org\/{rel}","templated":true}]}}