{"id":3912,"date":"2022-08-02T04:18:21","date_gmt":"2022-08-02T02:18:21","guid":{"rendered":"https:\/\/charlyexcursion.com\/?post_type=product&#038;p=3912"},"modified":"2023-01-04T01:29:56","modified_gmt":"2023-01-03T23:29:56","slug":"excursion-bateau-marie-galante","status":"publish","type":"product","link":"https:\/\/charlyexcursion.com\/index.php\/product\/excursion-bateau-marie-galante\/","title":{"rendered":"Excursion Bateau &#8211; Marie-Galante"},"content":{"rendered":"<p>Toujours au d\u00e9part de Terre-de-Haut direction \u00a0la grande galette.<\/p>\n<p>Marie Galante est une \u00cele de l&rsquo;archipel de la\u00a0 Guadeloupe situ\u00e9e \u00e0 35 minutes des Saintes. Connue pour \u00eatre l&rsquo;\u00eele aux 100 moulins, son \u00e9conomie est essentiellement bas\u00e9e sur l&rsquo;exploitation de la canne \u00e0 sucre qui est divinement transform\u00e9e en rhum.<\/p>\n<p>Charly Excursions vous propose \u00a0de visiter non \u00a0pas une, mais trois distilleries avec chacune un pass\u00e9 et des techniques diff\u00e9rentes.<\/p>\n<p>Apr\u00e8s un enivrement aux odeurs parfum\u00e9es de ces derni\u00e8res, direction \u00ab\u00a0Gueule grand gouffre\u00a0\u00bb situ\u00e9e sur la commune de Saint-Louis.<\/p>\n<p>Impressionnant gouffre dont les vagues de l&rsquo;atlantique viennent se jeter avec fracas, du point de vue vous apercevrez la Grande- Terre, la D\u00e9sirade et Petite-Terre.<\/p>\n<p>Le repas vous sera servi dans un restaurant typique \u00a0de l&rsquo;\u00eele avec sa cuisine cr\u00e9ole plus que g\u00e9n\u00e9reuse : \u00a0\u00a0\u00bb \u00a0Eden voile\u00a0\u00bb<\/p>\n<p>Marie-Galante est connue pour des magnifiques plages de sable blanc.<\/p>\n<p>Donc direction l&rsquo;une d&rsquo;entre elle pour des photos carte postale.<\/p>\n<p>Le retour sur Terre-de-Haut se fera au rythme du coucher du soleil avec des souvenirs et des rires pleins la t\u00eate.<\/p>\n<p>Et comme \u00a0la nature est g\u00e9n\u00e9reuse pourquoi pas en \u00e9tant accompagn\u00e9 par l&rsquo;un des mammif\u00e8res marins que nous r\u00eavons tous de rencontrer.<\/p>\n","protected":false},"excerpt":{"rendered":"<p>D\u00e9part de Terre-de-Haut \u00e0 7h00 en speedboat,\u00a0 \u00a0direction Marie-Galante :<\/p>\n<ul>\n<li>Visite guid\u00e9e en bus<\/li>\n<li>Visite des distilleries<\/li>\n<li>Repas au restaurant<\/li>\n<li>Snorkeling<\/li>\n<\/ul>\n<p>Retour \u00e0 Terre-de-Haut \u00e0 17h00.<\/p>\n<p>&nbsp;<\/p>\n","protected":false},"featured_media":3113,"comment_status":"closed","ping_status":"closed","template":"","meta":[],"product_brand":[],"product_cat":[86],"product_tag":[],"class_list":{"0":"post-3912","1":"product","2":"type-product","3":"status-publish","4":"has-post-thumbnail","6":"product_cat-excursion-mg","8":"first","9":"instock","10":"virtual","11":"purchasable","12":"product-type-phive_booking"},"jetpack_sharing_enabled":true,"_links":{"self":[{"href":"https:\/\/charlyexcursion.com\/index.php\/wp-json\/wp\/v2\/product\/3912","targetHints":{"allow":["GET"]}}],"collection":[{"href":"https:\/\/charlyexcursion.com\/index.php\/wp-json\/wp\/v2\/product"}],"about":[{"href":"https:\/\/charlyexcursion.com\/index.php\/wp-json\/wp\/v2\/types\/product"}],"replies":[{"embeddable":true,"href":"https:\/\/charlyexcursion.com\/index.php\/wp-json\/wp\/v2\/comments?post=3912"}],"wp:featuredmedia":[{"embeddable":true,"href":"https:\/\/charlyexcursion.com\/index.php\/wp-json\/wp\/v2\/media\/3113"}],"wp:attachment":[{"href":"https:\/\/charlyexcursion.com\/index.php\/wp-json\/wp\/v2\/media?parent=3912"}],"wp:term":[{"taxonomy":"product_brand","embeddable":true,"href":"https:\/\/charlyexcursion.com\/index.php\/wp-json\/wp\/v2\/product_brand?post=3912"},{"taxonomy":"product_cat","embeddable":true,"href":"https:\/\/charlyexcursion.com\/index.php\/wp-json\/wp\/v2\/product_cat?post=3912"},{"taxonomy":"product_tag","embeddable":true,"href":"https:\/\/charlyexcursion.com\/index.php\/wp-json\/wp\/v2\/product_tag?post=3912"}],"curies":[{"name":"wp","href":"https:\/\/api.w.org\/{rel}","templated":true}]}}