{"id":4506,"date":"2023-01-04T01:22:01","date_gmt":"2023-01-03T23:22:01","guid":{"rendered":"https:\/\/charlyexcursion.com\/?post_type=product&#038;p=4506"},"modified":"2024-01-29T11:18:04","modified_gmt":"2024-01-29T09:18:04","slug":"sunset-excursion-apres-midi-13h30-16h30","status":"publish","type":"product","link":"https:\/\/charlyexcursion.com\/index.php\/product\/sunset-excursion-apres-midi-13h30-16h30\/","title":{"rendered":"Sunset &#8211; Excursion Apr\u00e8s-Midi : 13h30 &#8211; 16h30"},"content":{"rendered":"<p>Excursion Baie des Saintes<\/p>\n<p>Au d\u00e9part du Ponton du G\u00e9nois, vivez une exp\u00e9rience in\u00e9dite &#8230;<\/p>\n<p>Embarquement \u00e0 bord du Sunrise avec 2<\/p>\n<p>d\u00e9parts possibles:<\/p>\n<p>&#8211; d\u00e9part 13h30 retour 16h30<\/p>\n<p>Nous d\u00e9butons le voyage par une pr\u00e9sentation de la baie des Saintes. l&rsquo;exp\u00e9rience continue avec la d\u00e9couverte de 8 spots uniques dont:<\/p>\n<p>&#8211; L&rsquo;\u00e9pave \u00a0du Linndy<\/p>\n<p>&#8211; La \u00a0baleine<\/p>\n<p>&#8211; La baie de Marigot<\/p>\n<p>&#8211; l&rsquo;ilet Cabris<\/p>\n<p>&#8211; Snorkeling avec les tortues<\/p>\n<p>&#8211; Le \u00a0Rocher de la Vierge<\/p>\n<p>&#8211; La plage de Crawen<\/p>\n<p>&#8211; Le Pain de Sucre<\/p>\n<p>Une collation \u00e0 volont\u00e9 est propos\u00e9e \u00a0\u00e0 bord tout au long de cette d\u00e9couverte.<\/p>\n<p>Le mat\u00e9riel de Snorkeling \u00a0est fourni \u00e0 bord (palmes, masques \u00a0et tubas, frites)<\/p>\n","protected":false},"excerpt":{"rendered":"<p>Excursion Baie des Saintes<\/p>\n<p>Au d\u00e9part du Ponton du G\u00e9nois, vivez une exp\u00e9rience in\u00e9dite.<\/p>\n<p>Embarquement \u00e0 bord du Sunrise. 2 D\u00e9parts : Matin \u00e0 10h00 et Apr\u00e8s-midi \u00e0 13h30.<\/p>\n<p>Dur\u00e9e de la sortie : Environ 3 heures.<\/p>\n<h5><strong>ENFANT : de 0 \u00e0 12 ans | ADULTE : + de 12 ANS<\/strong><\/h5>\n","protected":false},"featured_media":43624,"comment_status":"closed","ping_status":"closed","template":"","meta":[],"product_brand":[],"product_cat":[15],"product_tag":[],"class_list":{"0":"post-4506","1":"product","2":"type-product","3":"status-publish","4":"has-post-thumbnail","6":"type-noon","7":"product_cat-uncategorized","9":"first","10":"instock","11":"virtual","12":"purchasable","13":"product-type-phive_booking"},"_links":{"self":[{"href":"https:\/\/charlyexcursion.com\/index.php\/wp-json\/wp\/v2\/product\/4506","targetHints":{"allow":["GET"]}}],"collection":[{"href":"https:\/\/charlyexcursion.com\/index.php\/wp-json\/wp\/v2\/product"}],"about":[{"href":"https:\/\/charlyexcursion.com\/index.php\/wp-json\/wp\/v2\/types\/product"}],"replies":[{"embeddable":true,"href":"https:\/\/charlyexcursion.com\/index.php\/wp-json\/wp\/v2\/comments?post=4506"}],"wp:featuredmedia":[{"embeddable":true,"href":"https:\/\/charlyexcursion.com\/index.php\/wp-json\/wp\/v2\/media\/43624"}],"wp:attachment":[{"href":"https:\/\/charlyexcursion.com\/index.php\/wp-json\/wp\/v2\/media?parent=4506"}],"wp:term":[{"taxonomy":"product_brand","embeddable":true,"href":"https:\/\/charlyexcursion.com\/index.php\/wp-json\/wp\/v2\/product_brand?post=4506"},{"taxonomy":"product_cat","embeddable":true,"href":"https:\/\/charlyexcursion.com\/index.php\/wp-json\/wp\/v2\/product_cat?post=4506"},{"taxonomy":"product_tag","embeddable":true,"href":"https:\/\/charlyexcursion.com\/index.php\/wp-json\/wp\/v2\/product_tag?post=4506"}],"curies":[{"name":"wp","href":"https:\/\/api.w.org\/{rel}","templated":true}]}}